{"id":28,"date":"2025-02-15T20:56:57","date_gmt":"2025-02-15T19:56:57","guid":{"rendered":"https:\/\/lucka.gotzmann.cz\/?page_id=28"},"modified":"2026-01-20T17:31:44","modified_gmt":"2026-01-20T16:31:44","slug":"lekce-jogy","status":"publish","type":"page","link":"https:\/\/lucka.gotzmann.cz\/index.php\/lekce-jogy\/","title":{"rendered":"Lekce j\u00f3gy"},"content":{"rendered":"\t\t<div data-elementor-type=\"wp-page\" data-elementor-id=\"28\" class=\"elementor elementor-28\">\n\t\t\t\t<div class=\"elementor-element elementor-element-295f5fb e-flex e-con-boxed e-con e-parent\" data-id=\"295f5fb\" data-element_type=\"container\">\n\t\t\t\t\t<div class=\"e-con-inner\">\n\t\t\t\t<div class=\"elementor-element elementor-element-c576cd6 elementor-widget elementor-widget-spacer\" data-id=\"c576cd6\" data-element_type=\"widget\" data-widget_type=\"spacer.default\">\n\t\t\t\t<div class=\"elementor-widget-container\">\n\t\t\t\t\t\t\t<div class=\"elementor-spacer\">\n\t\t\t<div class=\"elementor-spacer-inner\"><\/div>\n\t\t<\/div>\n\t\t\t\t\t\t<\/div>\n\t\t\t\t<\/div>\n\t\t\t\t<div class=\"elementor-element elementor-element-709f2a8 elementor-widget elementor-widget-text-editor\" data-id=\"709f2a8\" data-element_type=\"widget\" data-widget_type=\"text-editor.default\">\n\t\t\t\t<div class=\"elementor-widget-container\">\n\t\t\t\t\t\t\t\t\t<p style=\"text-align: center;\"><strong><span style=\"color: #000000;\"><i style=\"caret-color: #333333; font-family: -apple-system, BlinkMacSystemFont, 'Segoe UI', Roboto, 'Helvetica Neue', Arial, 'Noto Sans', sans-serif, 'Apple Color Emoji', 'Segoe UI Emoji', 'Segoe UI Symbol', 'Noto Color Emoji';\">V\u00eddat se se mnou m\u016f\u017eete bu\u010f na otev\u0159en\u00fdch skupinov\u00fdch lekc\u00edch ve studiu, kurzech nebo na individu\u00e1ln\u00edch lekc\u00edch.<\/i><\/span><\/strong><\/p>\t\t\t\t\t\t\t\t<\/div>\n\t\t\t\t<\/div>\n\t\t\t\t\t<\/div>\n\t\t\t\t<\/div>\n\t\t<div class=\"elementor-element elementor-element-7dfe9ec e-flex e-con-boxed e-con e-parent\" data-id=\"7dfe9ec\" data-element_type=\"container\">\n\t\t\t\t\t<div class=\"e-con-inner\">\n\t\t\t\t<div class=\"elementor-element elementor-element-0e7c531 elementor-widget__width-initial elementor-widget elementor-widget-image\" data-id=\"0e7c531\" data-element_type=\"widget\" data-widget_type=\"image.default\">\n\t\t\t\t<div class=\"elementor-widget-container\">\n\t\t\t\t\t\t\t\t\t\t\t\t\t\t\t<img fetchpriority=\"high\" decoding=\"async\" width=\"768\" height=\"1024\" src=\"https:\/\/lucka.gotzmann.cz\/wp-content\/uploads\/2025\/02\/IMG_2163-768x1024.jpeg\" class=\"attachment-large size-large wp-image-134\" alt=\"\" srcset=\"https:\/\/lucka.gotzmann.cz\/wp-content\/uploads\/2025\/02\/IMG_2163-768x1024.jpeg 768w, https:\/\/lucka.gotzmann.cz\/wp-content\/uploads\/2025\/02\/IMG_2163-225x300.jpeg 225w, https:\/\/lucka.gotzmann.cz\/wp-content\/uploads\/2025\/02\/IMG_2163-1152x1536.jpeg 1152w, https:\/\/lucka.gotzmann.cz\/wp-content\/uploads\/2025\/02\/IMG_2163.jpeg 1536w\" sizes=\"(max-width: 768px) 100vw, 768px\" \/>\t\t\t\t\t\t\t\t\t\t\t\t\t\t\t<\/div>\n\t\t\t\t<\/div>\n\t\t<div class=\"elementor-element elementor-element-3cd5c17 e-con-full e-flex e-con e-child\" data-id=\"3cd5c17\" data-element_type=\"container\">\n\t\t\t\t<div class=\"elementor-element elementor-element-150475c elementor-widget elementor-widget-spacer\" data-id=\"150475c\" data-element_type=\"widget\" data-widget_type=\"spacer.default\">\n\t\t\t\t<div class=\"elementor-widget-container\">\n\t\t\t\t\t\t\t<div class=\"elementor-spacer\">\n\t\t\t<div class=\"elementor-spacer-inner\"><\/div>\n\t\t<\/div>\n\t\t\t\t\t\t<\/div>\n\t\t\t\t<\/div>\n\t\t\t\t<div class=\"elementor-element elementor-element-71b4b4c elementor-widget elementor-widget-heading\" data-id=\"71b4b4c\" data-element_type=\"widget\" data-widget_type=\"heading.default\">\n\t\t\t\t<div class=\"elementor-widget-container\">\n\t\t\t\t\t<h2 class=\"elementor-heading-title elementor-size-default\">Studio Sedm\u00e9 nebe<\/h2>\t\t\t\t<\/div>\n\t\t\t\t<\/div>\n\t\t\t\t<div class=\"elementor-element elementor-element-c208f6c elementor-widget elementor-widget-text-editor\" data-id=\"c208f6c\" data-element_type=\"widget\" data-widget_type=\"text-editor.default\">\n\t\t\t\t<div class=\"elementor-widget-container\">\n\t\t\t\t\t\t\t\t\t<p><strong>Otev\u0159en\u00e9 lekce<br \/><\/strong>(pro pr\u00e1zdninov\u00fd rozvrh sleduj web studia)<\/p><p>Pond\u011blky 17:00 &#8211; 18:00<br \/>Jemn\u00e1 j\u00f3ga<\/p><p>St\u0159edy 17:00 &#8211; 18:00<br \/>Power Yoga<\/p><p>Rezervace<br \/><a href=\"https:\/\/studiosedmenebe.cz\/rozvrh\/\">https:\/\/studiosedmenebe.cz\/rozvrh\/<\/a><\/p><p>Steinerova 20, Praha 11<\/p>\t\t\t\t\t\t\t\t<\/div>\n\t\t\t\t<\/div>\n\t\t\t\t<\/div>\n\t\t\t\t\t<\/div>\n\t\t\t\t<\/div>\n\t\t<div class=\"elementor-element elementor-element-927cdef e-con-full e-flex e-con e-parent\" data-id=\"927cdef\" data-element_type=\"container\">\n\t\t<div class=\"elementor-element elementor-element-1118416 e-con-full e-flex e-con e-child\" data-id=\"1118416\" data-element_type=\"container\">\n\t\t\t\t<div class=\"elementor-element elementor-element-0f1b717 elementor-widget elementor-widget-spacer\" data-id=\"0f1b717\" data-element_type=\"widget\" data-widget_type=\"spacer.default\">\n\t\t\t\t<div class=\"elementor-widget-container\">\n\t\t\t\t\t\t\t<div class=\"elementor-spacer\">\n\t\t\t<div class=\"elementor-spacer-inner\"><\/div>\n\t\t<\/div>\n\t\t\t\t\t\t<\/div>\n\t\t\t\t<\/div>\n\t\t\t\t<div class=\"elementor-element elementor-element-17d2bed elementor-widget elementor-widget-heading\" data-id=\"17d2bed\" data-element_type=\"widget\" data-widget_type=\"heading.default\">\n\t\t\t\t<div class=\"elementor-widget-container\">\n\t\t\t\t\t<h2 class=\"elementor-heading-title elementor-size-default\">Studio Moksha<\/h2>\t\t\t\t<\/div>\n\t\t\t\t<\/div>\n\t\t\t\t<div class=\"elementor-element elementor-element-df66aa6 elementor-widget elementor-widget-text-editor\" data-id=\"df66aa6\" data-element_type=\"widget\" data-widget_type=\"text-editor.default\">\n\t\t\t\t<div class=\"elementor-widget-container\">\n\t\t\t\t\t\t\t\t\t<p><strong>Otev\u0159en\u00e1 lekce<br \/><\/strong>(pro pr\u00e1zdninov\u00fd rozvrh sleduj web studia)<strong><br \/><\/strong><\/p><p>\u010ctvrtky 8:30 &#8211; 9:45<br \/>Vinyasa<\/p><p>Rezervace<br \/><a href=\"https:\/\/studiomoksha-ricany.isportsystem.cz\">https:\/\/studiomoksha-ricany.isportsystem.cz<\/a><\/p><p>Masarykovo n\u00e1m\u011bst\u00ed 28, \u0158\u00ed\u010dany u Prahy<\/p>\t\t\t\t\t\t\t\t<\/div>\n\t\t\t\t<\/div>\n\t\t\t\t<\/div>\n\t\t<div class=\"elementor-element elementor-element-5afe51d e-con-full e-flex e-con e-child\" data-id=\"5afe51d\" data-element_type=\"container\">\n\t\t\t\t<div class=\"elementor-element elementor-element-01bb0d3 elementor-widget elementor-widget-image\" data-id=\"01bb0d3\" data-element_type=\"widget\" data-widget_type=\"image.default\">\n\t\t\t\t<div class=\"elementor-widget-container\">\n\t\t\t\t\t\t\t\t\t\t\t\t\t\t\t<img decoding=\"async\" width=\"1024\" height=\"682\" src=\"https:\/\/lucka.gotzmann.cz\/wp-content\/uploads\/2025\/03\/Obrazek-1-1024x682.jpeg\" class=\"attachment-large size-large wp-image-222\" alt=\"\" srcset=\"https:\/\/lucka.gotzmann.cz\/wp-content\/uploads\/2025\/03\/Obrazek-1-1024x682.jpeg 1024w, https:\/\/lucka.gotzmann.cz\/wp-content\/uploads\/2025\/03\/Obrazek-1-300x200.jpeg 300w, https:\/\/lucka.gotzmann.cz\/wp-content\/uploads\/2025\/03\/Obrazek-1-768x512.jpeg 768w, https:\/\/lucka.gotzmann.cz\/wp-content\/uploads\/2025\/03\/Obrazek-1-1536x1023.jpeg 1536w, https:\/\/lucka.gotzmann.cz\/wp-content\/uploads\/2025\/03\/Obrazek-1.jpeg 1870w\" sizes=\"(max-width: 1024px) 100vw, 1024px\" \/>\t\t\t\t\t\t\t\t\t\t\t\t\t\t\t<\/div>\n\t\t\t\t<\/div>\n\t\t\t\t<\/div>\n\t\t\t\t<\/div>\n\t\t<div class=\"elementor-element elementor-element-8b904ea e-flex e-con-boxed e-con e-parent\" data-id=\"8b904ea\" data-element_type=\"container\">\n\t\t\t\t\t<div class=\"e-con-inner\">\n\t\t<div class=\"elementor-element elementor-element-a162919 e-con-full e-flex e-con e-child\" data-id=\"a162919\" data-element_type=\"container\">\n\t\t\t\t<div class=\"elementor-element elementor-element-bb3e611 elementor-widget elementor-widget-image\" data-id=\"bb3e611\" data-element_type=\"widget\" data-widget_type=\"image.default\">\n\t\t\t\t<div class=\"elementor-widget-container\">\n\t\t\t\t\t\t\t\t\t\t\t\t\t\t\t<img decoding=\"async\" width=\"1024\" height=\"683\" src=\"https:\/\/lucka.gotzmann.cz\/wp-content\/uploads\/2025\/09\/katkaarnoldova_photo_-3722-1024x683.jpg\" class=\"attachment-large size-large wp-image-431\" alt=\"\" srcset=\"https:\/\/lucka.gotzmann.cz\/wp-content\/uploads\/2025\/09\/katkaarnoldova_photo_-3722-1024x683.jpg 1024w, https:\/\/lucka.gotzmann.cz\/wp-content\/uploads\/2025\/09\/katkaarnoldova_photo_-3722-300x200.jpg 300w, https:\/\/lucka.gotzmann.cz\/wp-content\/uploads\/2025\/09\/katkaarnoldova_photo_-3722-768x512.jpg 768w, https:\/\/lucka.gotzmann.cz\/wp-content\/uploads\/2025\/09\/katkaarnoldova_photo_-3722-1536x1024.jpg 1536w, https:\/\/lucka.gotzmann.cz\/wp-content\/uploads\/2025\/09\/katkaarnoldova_photo_-3722.jpg 2048w\" sizes=\"(max-width: 1024px) 100vw, 1024px\" \/>\t\t\t\t\t\t\t\t\t\t\t\t\t\t\t<\/div>\n\t\t\t\t<\/div>\n\t\t\t\t<\/div>\n\t\t<div class=\"elementor-element elementor-element-d26d21b e-con-full e-flex e-con e-child\" data-id=\"d26d21b\" data-element_type=\"container\">\n\t\t\t\t<div class=\"elementor-element elementor-element-56c87b7 elementor-widget elementor-widget-heading\" data-id=\"56c87b7\" data-element_type=\"widget\" data-widget_type=\"heading.default\">\n\t\t\t\t<div class=\"elementor-widget-container\">\n\t\t\t\t\t<h2 class=\"elementor-heading-title elementor-size-default\">J\u00f3ga v Kunic\u00edch<\/h2>\t\t\t\t<\/div>\n\t\t\t\t<\/div>\n\t\t\t\t<div class=\"elementor-element elementor-element-5aec835 elementor-widget elementor-widget-text-editor\" data-id=\"5aec835\" data-element_type=\"widget\" data-widget_type=\"text-editor.default\">\n\t\t\t\t<div class=\"elementor-widget-container\">\n\t\t\t\t\t\t\t\t\t<p><strong>Otev\u0159en\u00e1 lekce<\/strong><\/p><p>\u00daterky 19:00 &#8211; 20:00<\/p><p>Rezervace<br \/><a href=\"https:\/\/lucie-gotzmannnova.reservio.com\">https:\/\/lucie-gotzmannova.reservio.com<\/a><\/p><p>Sport centrum Na Z\u00e1me\u010dku<br \/>Sportovn\u00ed 136, Kunice &#8211; Vidovice<\/p>\t\t\t\t\t\t\t\t<\/div>\n\t\t\t\t<\/div>\n\t\t\t\t<\/div>\n\t\t\t\t\t<\/div>\n\t\t\t\t<\/div>\n\t\t<div class=\"elementor-element elementor-element-d8478e1 e-con-full e-flex e-con e-parent\" data-id=\"d8478e1\" data-element_type=\"container\">\n\t\t<div class=\"elementor-element elementor-element-849e487 e-con-full e-flex e-con e-child\" data-id=\"849e487\" data-element_type=\"container\">\n\t\t\t\t<div class=\"elementor-element elementor-element-bcc21de elementor-widget elementor-widget-spacer\" data-id=\"bcc21de\" data-element_type=\"widget\" data-widget_type=\"spacer.default\">\n\t\t\t\t<div class=\"elementor-widget-container\">\n\t\t\t\t\t\t\t<div class=\"elementor-spacer\">\n\t\t\t<div class=\"elementor-spacer-inner\"><\/div>\n\t\t<\/div>\n\t\t\t\t\t\t<\/div>\n\t\t\t\t<\/div>\n\t\t\t\t<div class=\"elementor-element elementor-element-c3d4a00 elementor-widget elementor-widget-heading\" data-id=\"c3d4a00\" data-element_type=\"widget\" data-widget_type=\"heading.default\">\n\t\t\t\t<div class=\"elementor-widget-container\">\n\t\t\t\t\t<h2 class=\"elementor-heading-title elementor-size-default\">Individu\u00e1ln\u00ed lekce<\/h2>\t\t\t\t<\/div>\n\t\t\t\t<\/div>\n\t\t\t\t<div class=\"elementor-element elementor-element-b17461f elementor-widget elementor-widget-text-editor\" data-id=\"b17461f\" data-element_type=\"widget\" data-widget_type=\"text-editor.default\">\n\t\t\t\t<div class=\"elementor-widget-container\">\n\t\t\t\t\t\t\t\t\t<p>J\u00f3gov\u00e1 lekce m\u016f\u017ee prob\u00edhat klidn\u011b u mne\/u tebe doma nebo v j\u00f3gov\u00e9m studiu. Vid\u011bt se m\u016f\u017eeme na Praze &#8211; v\u00fdchod, p\u0159\u00edpadn\u011b v okol\u00ed. Pro v\u00edce info mne pros\u00edm kontaktuj emailem.<\/p>\t\t\t\t\t\t\t\t<\/div>\n\t\t\t\t<\/div>\n\t\t\t\t<\/div>\n\t\t<div class=\"elementor-element elementor-element-a765d2e e-con-full e-flex e-con e-child\" data-id=\"a765d2e\" data-element_type=\"container\">\n\t\t\t\t<div class=\"elementor-element elementor-element-c192b1b elementor-widget elementor-widget-image\" data-id=\"c192b1b\" data-element_type=\"widget\" data-widget_type=\"image.default\">\n\t\t\t\t<div class=\"elementor-widget-container\">\n\t\t\t\t\t\t\t\t\t\t\t\t\t\t\t<img loading=\"lazy\" decoding=\"async\" width=\"768\" height=\"1024\" src=\"https:\/\/lucka.gotzmann.cz\/wp-content\/uploads\/2025\/06\/IMG_4711-768x1024.jpeg\" class=\"attachment-large size-large wp-image-374\" alt=\"\" srcset=\"https:\/\/lucka.gotzmann.cz\/wp-content\/uploads\/2025\/06\/IMG_4711-768x1024.jpeg 768w, https:\/\/lucka.gotzmann.cz\/wp-content\/uploads\/2025\/06\/IMG_4711-225x300.jpeg 225w, https:\/\/lucka.gotzmann.cz\/wp-content\/uploads\/2025\/06\/IMG_4711-1152x1536.jpeg 1152w, https:\/\/lucka.gotzmann.cz\/wp-content\/uploads\/2025\/06\/IMG_4711-1536x2048.jpeg 1536w, https:\/\/lucka.gotzmann.cz\/wp-content\/uploads\/2025\/06\/IMG_4711-scaled.jpeg 1920w\" sizes=\"(max-width: 768px) 100vw, 768px\" \/>\t\t\t\t\t\t\t\t\t\t\t\t\t\t\t<\/div>\n\t\t\t\t<\/div>\n\t\t\t\t<\/div>\n\t\t\t\t<\/div>\n\t\t\t\t<\/div>\n\t\t","protected":false},"excerpt":{"rendered":"<p>V\u00eddat se se mnou m\u016f\u017eete bu\u010f na otev\u0159en\u00fdch skupinov\u00fdch lekc\u00edch ve studiu, kurzech nebo na individu\u00e1ln\u00edch lekc\u00edch. Studio Sedm\u00e9 nebe [&hellip;]<\/p>\n","protected":false},"author":1,"featured_media":0,"parent":0,"menu_order":0,"comment_status":"closed","ping_status":"closed","template":"","meta":{"_monsterinsights_skip_tracking":false,"_monsterinsights_sitenote_active":false,"_monsterinsights_sitenote_note":"","_monsterinsights_sitenote_category":0,"site-sidebar-layout":"no-sidebar","site-content-layout":"","ast-site-content-layout":"full-width-container","site-content-style":"default","site-sidebar-style":"default","ast-global-header-display":"","ast-banner-title-visibility":"","ast-main-header-display":"","ast-hfb-above-header-display":"","ast-hfb-below-header-display":"","ast-hfb-mobile-header-display":"","site-post-title":"disabled","ast-breadcrumbs-content":"","ast-featured-img":"disabled","footer-sml-layout":"","theme-transparent-header-meta":"","adv-header-id-meta":"","stick-header-meta":"","header-above-stick-meta":"","header-main-stick-meta":"","header-below-stick-meta":"","astra-migrate-meta-layouts":"default","ast-page-background-enabled":"default","ast-page-background-meta":{"desktop":{"background-color":"var(--ast-global-color-5)","background-image":"","background-repeat":"repeat","background-position":"center center","background-size":"auto","background-attachment":"scroll","background-type":"","background-media":"","overlay-type":"","overlay-color":"","overlay-opacity":"","overlay-gradient":""},"tablet":{"background-color":"","background-image":"","background-repeat":"repeat","background-position":"center center","background-size":"auto","background-attachment":"scroll","background-type":"","background-media":"","overlay-type":"","overlay-color":"","overlay-opacity":"","overlay-gradient":""},"mobile":{"background-color":"","background-image":"","background-repeat":"repeat","background-position":"center center","background-size":"auto","background-attachment":"scroll","background-type":"","background-media":"","overlay-type":"","overlay-color":"","overlay-opacity":"","overlay-gradient":""}},"ast-content-background-meta":{"desktop":{"background-color":"var(--ast-global-color-4)","background-image":"","background-repeat":"repeat","background-position":"center center","background-size":"auto","background-attachment":"scroll","background-type":"","background-media":"","overlay-type":"","overlay-color":"","overlay-opacity":"","overlay-gradient":""},"tablet":{"background-color":"var(--ast-global-color-4)","background-image":"","background-repeat":"repeat","background-position":"center center","background-size":"auto","background-attachment":"scroll","background-type":"","background-media":"","overlay-type":"","overlay-color":"","overlay-opacity":"","overlay-gradient":""},"mobile":{"background-color":"var(--ast-global-color-4)","background-image":"","background-repeat":"repeat","background-position":"center center","background-size":"auto","background-attachment":"scroll","background-type":"","background-media":"","overlay-type":"","overlay-color":"","overlay-opacity":"","overlay-gradient":""}},"footnotes":""},"class_list":["post-28","page","type-page","status-publish","hentry"],"yoast_head":"<!-- This site is optimized with the Yoast SEO plugin v25.6 - https:\/\/yoast.com\/wordpress\/plugins\/seo\/ -->\n<title>Lekce j\u00f3gy - J\u00f3ga s Luckou<\/title>\n<meta name=\"robots\" content=\"index, follow, max-snippet:-1, max-image-preview:large, max-video-preview:-1\" \/>\n<link rel=\"canonical\" href=\"https:\/\/lucka.gotzmann.cz\/index.php\/lekce-jogy\/\" \/>\n<meta property=\"og:locale\" content=\"cs_CZ\" \/>\n<meta property=\"og:type\" content=\"article\" \/>\n<meta property=\"og:title\" content=\"Lekce j\u00f3gy - J\u00f3ga s Luckou\" \/>\n<meta property=\"og:description\" content=\"V\u00eddat se se mnou m\u016f\u017eete bu\u010f na otev\u0159en\u00fdch skupinov\u00fdch lekc\u00edch ve studiu, kurzech nebo na individu\u00e1ln\u00edch lekc\u00edch. Studio Sedm\u00e9 nebe [&hellip;]\" \/>\n<meta property=\"og:url\" content=\"https:\/\/lucka.gotzmann.cz\/index.php\/lekce-jogy\/\" \/>\n<meta property=\"og:site_name\" content=\"J\u00f3ga s Luckou\" \/>\n<meta property=\"article:publisher\" content=\"https:\/\/www.facebook.com\/lucie.gotzmannova.5\" \/>\n<meta property=\"article:modified_time\" content=\"2026-01-20T16:31:44+00:00\" \/>\n<meta property=\"og:image\" content=\"https:\/\/lucka.gotzmann.cz\/wp-content\/uploads\/2025\/02\/IMG_2163.jpeg\" \/>\n\t<meta property=\"og:image:width\" content=\"1536\" \/>\n\t<meta property=\"og:image:height\" content=\"2048\" \/>\n\t<meta property=\"og:image:type\" content=\"image\/jpeg\" \/>\n<meta name=\"twitter:card\" content=\"summary_large_image\" \/>\n<meta name=\"twitter:label1\" content=\"Odhadovan\u00e1 doba \u010dten\u00ed\" \/>\n\t<meta name=\"twitter:data1\" content=\"2 minuty\" \/>\n<script type=\"application\/ld+json\" class=\"yoast-schema-graph\">{\"@context\":\"https:\/\/schema.org\",\"@graph\":[{\"@type\":\"WebPage\",\"@id\":\"https:\/\/lucka.gotzmann.cz\/index.php\/lekce-jogy\/\",\"url\":\"https:\/\/lucka.gotzmann.cz\/index.php\/lekce-jogy\/\",\"name\":\"Lekce j\u00f3gy - J\u00f3ga s Luckou\",\"isPartOf\":{\"@id\":\"https:\/\/lucka.gotzmann.cz\/#website\"},\"primaryImageOfPage\":{\"@id\":\"https:\/\/lucka.gotzmann.cz\/index.php\/lekce-jogy\/#primaryimage\"},\"image\":{\"@id\":\"https:\/\/lucka.gotzmann.cz\/index.php\/lekce-jogy\/#primaryimage\"},\"thumbnailUrl\":\"https:\/\/lucka.gotzmann.cz\/wp-content\/uploads\/2025\/02\/IMG_2163-768x1024.jpeg\",\"datePublished\":\"2025-02-15T19:56:57+00:00\",\"dateModified\":\"2026-01-20T16:31:44+00:00\",\"breadcrumb\":{\"@id\":\"https:\/\/lucka.gotzmann.cz\/index.php\/lekce-jogy\/#breadcrumb\"},\"inLanguage\":\"cs\",\"potentialAction\":[{\"@type\":\"ReadAction\",\"target\":[\"https:\/\/lucka.gotzmann.cz\/index.php\/lekce-jogy\/\"]}]},{\"@type\":\"ImageObject\",\"inLanguage\":\"cs\",\"@id\":\"https:\/\/lucka.gotzmann.cz\/index.php\/lekce-jogy\/#primaryimage\",\"url\":\"https:\/\/lucka.gotzmann.cz\/wp-content\/uploads\/2025\/02\/IMG_2163.jpeg\",\"contentUrl\":\"https:\/\/lucka.gotzmann.cz\/wp-content\/uploads\/2025\/02\/IMG_2163.jpeg\",\"width\":1536,\"height\":2048},{\"@type\":\"BreadcrumbList\",\"@id\":\"https:\/\/lucka.gotzmann.cz\/index.php\/lekce-jogy\/#breadcrumb\",\"itemListElement\":[{\"@type\":\"ListItem\",\"position\":1,\"name\":\"Home\",\"item\":\"https:\/\/lucka.gotzmann.cz\/\"},{\"@type\":\"ListItem\",\"position\":2,\"name\":\"Lekce j\u00f3gy\"}]},{\"@type\":\"WebSite\",\"@id\":\"https:\/\/lucka.gotzmann.cz\/#website\",\"url\":\"https:\/\/lucka.gotzmann.cz\/\",\"name\":\"J\u00f3ga s Luckou\",\"description\":\"\",\"publisher\":{\"@id\":\"https:\/\/lucka.gotzmann.cz\/#\/schema\/person\/1443b4b2bbab2e3946d2b5bd0d219974\"},\"potentialAction\":[{\"@type\":\"SearchAction\",\"target\":{\"@type\":\"EntryPoint\",\"urlTemplate\":\"https:\/\/lucka.gotzmann.cz\/?s={search_term_string}\"},\"query-input\":{\"@type\":\"PropertyValueSpecification\",\"valueRequired\":true,\"valueName\":\"search_term_string\"}}],\"inLanguage\":\"cs\"},{\"@type\":[\"Person\",\"Organization\"],\"@id\":\"https:\/\/lucka.gotzmann.cz\/#\/schema\/person\/1443b4b2bbab2e3946d2b5bd0d219974\",\"name\":\"Lucka\",\"image\":{\"@type\":\"ImageObject\",\"inLanguage\":\"cs\",\"@id\":\"https:\/\/lucka.gotzmann.cz\/#\/schema\/person\/image\/\",\"url\":\"https:\/\/lucka.gotzmann.cz\/wp-content\/uploads\/2025\/03\/cropped-Navrh-bez-nazvu-9.png\",\"contentUrl\":\"https:\/\/lucka.gotzmann.cz\/wp-content\/uploads\/2025\/03\/cropped-Navrh-bez-nazvu-9.png\",\"width\":267,\"height\":245,\"caption\":\"Lucka\"},\"logo\":{\"@id\":\"https:\/\/lucka.gotzmann.cz\/#\/schema\/person\/image\/\"},\"description\":\"J\u00f3ga s Luckou\",\"sameAs\":[\"https:\/\/lucka.gotzmann.cz\",\"https:\/\/www.facebook.com\/lucie.gotzmannova.5\",\"https:\/\/www.instagram.com\/lucka_gotz\/\"]}]}<\/script>\n<!-- \/ Yoast SEO plugin. -->","yoast_head_json":{"title":"Lekce j\u00f3gy - J\u00f3ga s Luckou","robots":{"index":"index","follow":"follow","max-snippet":"max-snippet:-1","max-image-preview":"max-image-preview:large","max-video-preview":"max-video-preview:-1"},"canonical":"https:\/\/lucka.gotzmann.cz\/index.php\/lekce-jogy\/","og_locale":"cs_CZ","og_type":"article","og_title":"Lekce j\u00f3gy - J\u00f3ga s Luckou","og_description":"V\u00eddat se se mnou m\u016f\u017eete bu\u010f na otev\u0159en\u00fdch skupinov\u00fdch lekc\u00edch ve studiu, kurzech nebo na individu\u00e1ln\u00edch lekc\u00edch. Studio Sedm\u00e9 nebe [&hellip;]","og_url":"https:\/\/lucka.gotzmann.cz\/index.php\/lekce-jogy\/","og_site_name":"J\u00f3ga s Luckou","article_publisher":"https:\/\/www.facebook.com\/lucie.gotzmannova.5","article_modified_time":"2026-01-20T16:31:44+00:00","og_image":[{"width":1536,"height":2048,"url":"https:\/\/lucka.gotzmann.cz\/wp-content\/uploads\/2025\/02\/IMG_2163.jpeg","type":"image\/jpeg"}],"twitter_card":"summary_large_image","twitter_misc":{"Odhadovan\u00e1 doba \u010dten\u00ed":"2 minuty"},"schema":{"@context":"https:\/\/schema.org","@graph":[{"@type":"WebPage","@id":"https:\/\/lucka.gotzmann.cz\/index.php\/lekce-jogy\/","url":"https:\/\/lucka.gotzmann.cz\/index.php\/lekce-jogy\/","name":"Lekce j\u00f3gy - J\u00f3ga s Luckou","isPartOf":{"@id":"https:\/\/lucka.gotzmann.cz\/#website"},"primaryImageOfPage":{"@id":"https:\/\/lucka.gotzmann.cz\/index.php\/lekce-jogy\/#primaryimage"},"image":{"@id":"https:\/\/lucka.gotzmann.cz\/index.php\/lekce-jogy\/#primaryimage"},"thumbnailUrl":"https:\/\/lucka.gotzmann.cz\/wp-content\/uploads\/2025\/02\/IMG_2163-768x1024.jpeg","datePublished":"2025-02-15T19:56:57+00:00","dateModified":"2026-01-20T16:31:44+00:00","breadcrumb":{"@id":"https:\/\/lucka.gotzmann.cz\/index.php\/lekce-jogy\/#breadcrumb"},"inLanguage":"cs","potentialAction":[{"@type":"ReadAction","target":["https:\/\/lucka.gotzmann.cz\/index.php\/lekce-jogy\/"]}]},{"@type":"ImageObject","inLanguage":"cs","@id":"https:\/\/lucka.gotzmann.cz\/index.php\/lekce-jogy\/#primaryimage","url":"https:\/\/lucka.gotzmann.cz\/wp-content\/uploads\/2025\/02\/IMG_2163.jpeg","contentUrl":"https:\/\/lucka.gotzmann.cz\/wp-content\/uploads\/2025\/02\/IMG_2163.jpeg","width":1536,"height":2048},{"@type":"BreadcrumbList","@id":"https:\/\/lucka.gotzmann.cz\/index.php\/lekce-jogy\/#breadcrumb","itemListElement":[{"@type":"ListItem","position":1,"name":"Home","item":"https:\/\/lucka.gotzmann.cz\/"},{"@type":"ListItem","position":2,"name":"Lekce j\u00f3gy"}]},{"@type":"WebSite","@id":"https:\/\/lucka.gotzmann.cz\/#website","url":"https:\/\/lucka.gotzmann.cz\/","name":"J\u00f3ga s Luckou","description":"","publisher":{"@id":"https:\/\/lucka.gotzmann.cz\/#\/schema\/person\/1443b4b2bbab2e3946d2b5bd0d219974"},"potentialAction":[{"@type":"SearchAction","target":{"@type":"EntryPoint","urlTemplate":"https:\/\/lucka.gotzmann.cz\/?s={search_term_string}"},"query-input":{"@type":"PropertyValueSpecification","valueRequired":true,"valueName":"search_term_string"}}],"inLanguage":"cs"},{"@type":["Person","Organization"],"@id":"https:\/\/lucka.gotzmann.cz\/#\/schema\/person\/1443b4b2bbab2e3946d2b5bd0d219974","name":"Lucka","image":{"@type":"ImageObject","inLanguage":"cs","@id":"https:\/\/lucka.gotzmann.cz\/#\/schema\/person\/image\/","url":"https:\/\/lucka.gotzmann.cz\/wp-content\/uploads\/2025\/03\/cropped-Navrh-bez-nazvu-9.png","contentUrl":"https:\/\/lucka.gotzmann.cz\/wp-content\/uploads\/2025\/03\/cropped-Navrh-bez-nazvu-9.png","width":267,"height":245,"caption":"Lucka"},"logo":{"@id":"https:\/\/lucka.gotzmann.cz\/#\/schema\/person\/image\/"},"description":"J\u00f3ga s Luckou","sameAs":["https:\/\/lucka.gotzmann.cz","https:\/\/www.facebook.com\/lucie.gotzmannova.5","https:\/\/www.instagram.com\/lucka_gotz\/"]}]}},"_links":{"self":[{"href":"https:\/\/lucka.gotzmann.cz\/index.php\/wp-json\/wp\/v2\/pages\/28"}],"collection":[{"href":"https:\/\/lucka.gotzmann.cz\/index.php\/wp-json\/wp\/v2\/pages"}],"about":[{"href":"https:\/\/lucka.gotzmann.cz\/index.php\/wp-json\/wp\/v2\/types\/page"}],"author":[{"embeddable":true,"href":"https:\/\/lucka.gotzmann.cz\/index.php\/wp-json\/wp\/v2\/users\/1"}],"replies":[{"embeddable":true,"href":"https:\/\/lucka.gotzmann.cz\/index.php\/wp-json\/wp\/v2\/comments?post=28"}],"version-history":[{"count":6,"href":"https:\/\/lucka.gotzmann.cz\/index.php\/wp-json\/wp\/v2\/pages\/28\/revisions"}],"predecessor-version":[{"id":443,"href":"https:\/\/lucka.gotzmann.cz\/index.php\/wp-json\/wp\/v2\/pages\/28\/revisions\/443"}],"wp:attachment":[{"href":"https:\/\/lucka.gotzmann.cz\/index.php\/wp-json\/wp\/v2\/media?parent=28"}],"curies":[{"name":"wp","href":"https:\/\/api.w.org\/{rel}","templated":true}]}}